{"id":42,"date":"2026-01-10T21:41:26","date_gmt":"2026-01-10T21:41:26","guid":{"rendered":"https:\/\/preguntaleajose.info\/?page_id=42"},"modified":"2026-01-26T19:45:05","modified_gmt":"2026-01-26T19:45:05","slug":"42-2","status":"publish","type":"page","link":"https:\/\/preguntaleajose.info\/en\/","title":{"rendered":"Preguntale a Jos\u00e9"},"content":{"rendered":"<div id=\"hangar-central-total\" style=\"width: 100%; max-width: 1200px; margin: 0 auto; font-family: 'Segoe UI', Tahoma, sans-serif; background: #ffffff; padding-bottom: 80px;\">\n<div style=\"background: linear-gradient(135deg, #0d47a1 0%, #1a73e8 100%); color: white; padding: 50px 20px; text-align: center; border-radius: 20px; margin-bottom: 40px;\">\n<h1 style=\"margin: 0; font-size: clamp(24px, 5vw, 42px); font-weight: 900; text-transform: uppercase; color: #ffffff;\">\ud83c\udfdb\ufe0f PREG\u00daNTALE A JOS\u00c9<\/h1>\n<p style=\"margin-top: 10px; font-size: 18px; font-weight: bold; color: #ffffff;\">SISTEMA DE LOG\u00cdSTICA TOTAL<\/p>\n<\/p><\/div>\n<div style=\"background: #ffffff; padding: 20px; border-radius: 20px; border: 2px solid #1a73e8; margin-bottom: 50px; box-shadow: 0 10px 30px rgba(0,0,0,0.05);\">\n<h3 style=\"text-align: center; color: #0d47a1; margin-top: 0; margin-bottom: 20px; font-size: 18px; text-transform: uppercase;\">\ud83d\ude80 INICIAR DESPLIEGUE<\/h3>\n<div style=\"width: 100%; min-height: 150px;\">\n            <script async src=\"https:\/\/tpwdgt.com\/content?currency=usd&#038;trs=487513&#038;shmarker=695511&#038;show_hotels=true&#038;powered_by=false&#038;locale=es&#038;searchUrl=www.jetradar.com%2Fsearch&#038;primary_override=%231a73e8&#038;color_button=%231a73e8&#038;color_icons=%231a73e8&#038;dark=%23262626&#038;light=%23FFFFFF&#038;secondary=%23FFFFFF&#038;special=%23C4C4C4&#038;color_focused=%231a73e8&#038;border_radius=15&#038;promo_id=7879&#038;campaign_id=100\" charset=\"utf-8\"><\/script>\n        <\/div>\n<\/p><\/div>\n<div style=\"display: grid; grid-template-columns: repeat(auto-fit, minmax(200px, 1fr)); gap: 15px;\">\n        <a href=\"https:\/\/www.aviasales.com\/?marker=695511\" target=\"_blank\" style=\"text-decoration:none; background:#1a73e8; color:white; padding:25px 10px; border-radius:20px; text-align:center;\"><strong>\u2708\ufe0f VUELOS<\/strong><\/a><br \/>\n        <a href=\"https:\/\/search.hotellook.com\/?marker=695511\" target=\"_blank\" style=\"text-decoration:none; background:#0d47a1; color:white; padding:25px 10px; border-radius:20px; text-align:center;\"><strong>\ud83c\udfe8 HOTELES<\/strong><\/a><br \/>\n        <a href=\"https:\/\/yesim.tpk.lu\/JRj5ccZh\" target=\"_blank\" style=\"text-decoration:none; background:#FF9800; color:white; padding:25px 10px; border-radius:20px; text-align:center;\"><strong>\ud83d\udcf6 eSIM \/ DATOS<\/strong><\/a><br \/>\n        <a href=\"https:\/\/ektatraveling.com\/?marker=695511\" target=\"_blank\" style=\"text-decoration:none; background:#2e7d32; color:white; padding:25px 10px; border-radius:20px; text-align:center;\"><strong>\ud83d\udee1\ufe0f ASISTENCIA<\/strong><\/a><br \/>\n        <a href=\"https:\/\/kiwitaxi.com\/?pap=695511\" target=\"_blank\" style=\"text-decoration:none; background:#673ab7; color:white; padding:25px 10px; border-radius:20px; text-align:center;\"><strong>\ud83d\ude90 TRASLADOS<\/strong><\/a><br \/>\n        <a href=\"https:\/\/preguntaleajose.info\/en\/tienda\/\" target=\"_blank\" style=\"text-decoration:none; background:#000000; color:white; padding:25px 10px; border-radius:20px; text-align:center;\"><strong>\ud83d\uded2 TIENDA<\/strong><\/a>\n    <\/div>\n<\/div>","protected":false},"excerpt":{"rendered":"<p>\ud83c\udfdb\ufe0f PREG\u00daNTALE A JOS\u00c9 SISTEMA DE LOG\u00cdSTICA TOTAL \ud83d\ude80 INICIAR DESPLIEGUE \u2708\ufe0f VUELOS \ud83c\udfe8 HOTELES \ud83d\udcf6 eSIM \/ DATOS \ud83d\udee1\ufe0f [&hellip;]<\/p>\n","protected":false},"author":1,"featured_media":43,"parent":0,"menu_order":0,"comment_status":"closed","ping_status":"closed","template":"","meta":{"site-sidebar-layout":"default","site-content-layout":"","ast-site-content-layout":"default","site-content-style":"default","site-sidebar-style":"default","ast-global-header-display":"","ast-banner-title-visibility":"","ast-main-header-display":"","ast-hfb-above-header-display":"","ast-hfb-below-header-display":"","ast-hfb-mobile-header-display":"","site-post-title":"","ast-breadcrumbs-content":"","ast-featured-img":"","footer-sml-layout":"","ast-disable-related-posts":"","theme-transparent-header-meta":"default","adv-header-id-meta":"","stick-header-meta":"","header-above-stick-meta":"","header-main-stick-meta":"","header-below-stick-meta":"","astra-migrate-meta-layouts":"set","ast-page-background-enabled":"default","ast-page-background-meta":{"desktop":{"background-color":"var(--ast-global-color-5)","background-image":"","background-repeat":"repeat","background-position":"center center","background-size":"auto","background-attachment":"scroll","background-type":"","background-media":"","overlay-type":"","overlay-color":"","overlay-opacity":"","overlay-gradient":""},"tablet":{"background-color":"","background-image":"","background-repeat":"repeat","background-position":"center center","background-size":"auto","background-attachment":"scroll","background-type":"","background-media":"","overlay-type":"","overlay-color":"","overlay-opacity":"","overlay-gradient":""},"mobile":{"background-color":"","background-image":"","background-repeat":"repeat","background-position":"center center","background-size":"auto","background-attachment":"scroll","background-type":"","background-media":"","overlay-type":"","overlay-color":"","overlay-opacity":"","overlay-gradient":""}},"ast-content-background-meta":{"desktop":{"background-color":"var(--ast-global-color-4)","background-image":"","background-repeat":"repeat","background-position":"center center","background-size":"auto","background-attachment":"scroll","background-type":"","background-media":"","overlay-type":"","overlay-color":"","overlay-opacity":"","overlay-gradient":""},"tablet":{"background-color":"var(--ast-global-color-4)","background-image":"","background-repeat":"repeat","background-position":"center center","background-size":"auto","background-attachment":"scroll","background-type":"","background-media":"","overlay-type":"","overlay-color":"","overlay-opacity":"","overlay-gradient":""},"mobile":{"background-color":"var(--ast-global-color-4)","background-image":"","background-repeat":"repeat","background-position":"center center","background-size":"auto","background-attachment":"scroll","background-type":"","background-media":"","overlay-type":"","overlay-color":"","overlay-opacity":"","overlay-gradient":""}},"footnotes":"","_wordproof_timestamp":false},"class_list":["post-42","page","type-page","status-publish","has-post-thumbnail","hentry"],"aioseo_notices":[],"_hostinger_reach_plugin_has_subscription_block":false,"_hostinger_reach_plugin_is_elementor":false,"_links":{"self":[{"href":"https:\/\/preguntaleajose.info\/en\/wp-json\/wp\/v2\/pages\/42","targetHints":{"allow":["GET"]}}],"collection":[{"href":"https:\/\/preguntaleajose.info\/en\/wp-json\/wp\/v2\/pages"}],"about":[{"href":"https:\/\/preguntaleajose.info\/en\/wp-json\/wp\/v2\/types\/page"}],"author":[{"embeddable":true,"href":"https:\/\/preguntaleajose.info\/en\/wp-json\/wp\/v2\/users\/1"}],"replies":[{"embeddable":true,"href":"https:\/\/preguntaleajose.info\/en\/wp-json\/wp\/v2\/comments?post=42"}],"version-history":[{"count":62,"href":"https:\/\/preguntaleajose.info\/en\/wp-json\/wp\/v2\/pages\/42\/revisions"}],"predecessor-version":[{"id":838,"href":"https:\/\/preguntaleajose.info\/en\/wp-json\/wp\/v2\/pages\/42\/revisions\/838"}],"wp:featuredmedia":[{"embeddable":true,"href":"https:\/\/preguntaleajose.info\/en\/wp-json\/wp\/v2\/media\/43"}],"wp:attachment":[{"href":"https:\/\/preguntaleajose.info\/en\/wp-json\/wp\/v2\/media?parent=42"}],"curies":[{"name":"wp","href":"https:\/\/api.w.org\/{rel}","templated":true}]}}