{"id":189,"date":"2026-01-14T14:46:24","date_gmt":"2026-01-14T14:46:24","guid":{"rendered":"https:\/\/preguntaleajose.info\/?page_id=189"},"modified":"2026-01-26T23:45:24","modified_gmt":"2026-01-27T02:45:24","slug":"vpn-y-seguridad-digital","status":"publish","type":"page","link":"https:\/\/preguntaleajose.info\/en\/vpn-y-seguridad-digital\/","title":{"rendered":"VPN y Seguridad Digital"},"content":{"rendered":"<div id=\"bunker-digital-jose\" style=\"width: 100%; max-width: 1100px; margin: 30px auto; font-family: 'Segoe UI', Tahoma, sans-serif; border: 5px solid #FF0000; border-radius: 30px; padding: clamp(20px, 5vw, 45px); background: #fafafa; box-shadow: 0 25px 60px rgba(255, 0, 0, 0.2); position: relative; overflow: hidden;\">\n<div style=\"text-align: center; margin-bottom: 40px;\">\n<h1 style=\"color: #FF0000; margin: 0; font-size: clamp(24px, 5vw, 42px); font-weight: 900; letter-spacing: -1px; text-transform: uppercase;\">\ud83d\udee1\ufe0f CONEXI\u00d3N MUNDIAL: B\u00daNKER DIGITAL<\/h1>\n<p style=\"font-size: 18px; color: #333; font-weight: bold; margin-top: 15px;\"><strong>IA de Mando:<\/strong> Inyectando cifrado militar en los 190 pa\u00edses.<\/p>\n<\/p><\/div>\n<div style=\"background: #000; color: #00ff00; padding: 30px; border-radius: 15px; font-family: 'Courier New', monospace; font-size: 15px; margin-bottom: 40px; border-left: 10px solid #FF0000; box-shadow: inset 0 0 20px rgba(0, 255, 0, 0.15);\">\n<div style=\"margin-bottom: 8px;\">> LOCALIZANDO T\u00daNEL VPN&#8230; [ESTABLE]<\/div>\n<div style=\"margin-bottom: 8px;\">> ENCRIPTANDO SE\u00d1AL CU\u00c1NTICA&#8230; [EN CURSO]<\/div>\n<div style=\"margin-bottom: 8px;\">> ESTADO DE LA RED: VERDAD NO NEGOCIABLE<\/div>\n<div style=\"border-top: 1px solid #333; margin-top: 15px; padding-top: 10px; color: #ff0000; font-weight: bold;\">\n            > BLINDAJE ANTI-INTERFERENCIAS ACTIVADO (AID: 695511)\n        <\/div>\n<\/p><\/div>\n<div style=\"background: #ffffff; border: 3px double #FF0000; border-radius: 25px; padding: clamp(25px, 4vw, 40px); text-align: center; box-shadow: 0 15px 35px rgba(0,0,0,0.05);\">\n<h3 style=\"color: #ff0000; font-weight: 900; margin-top: 0; font-size: 1.6em; letter-spacing: 1px; text-transform: uppercase;\">\u26a1 PROTOCOLO DE PRIVACIDAD ACTIVO<\/h3>\n<p style=\"color: #555; margin-bottom: 35px; font-size: 16px;\">Sincronizando con nodos de privacidad global. Validando terminal <strong>695511<\/strong>.<\/p>\n<div style=\"margin-bottom: 40px;\">\n            <a href=\"https:\/\/nordvpn.tpk.lu\/tAg5BjUw\" target=\"_blank\" style=\"text-decoration: none; background: #ff0000; color: white; padding: 22px 45px; border-radius: 15px; font-weight: 800; font-size: 18px; text-transform: uppercase; box-shadow: 0 12px 30px rgba(255,0,0,0.4); display: inline-block; transition: 0.3s;\"><br \/>\n                DESPLEGAR NORDVPN (CIFRADO TOTAL)<br \/>\n            <\/a>\n        <\/div>\n<div style=\"border-radius: 15px; overflow: hidden; border: 1px solid #eee; background: #fff;\">\n            <script src=\"https:\/\/tp.media\/content?promo_id=8133&#038;shmarker=695511&#038;campaign_id=208&#038;trs=vpn_security&#038;locale=es&#038;type=widget&#038;width=100%25&#038;border_radius=15\" async><\/script>\n        <\/div>\n<\/p><\/div>\n<div style=\"margin-top: 50px; border-top: 2px solid #eee; padding-top: 35px;\">\n<h2 style=\"color: #000; font-size: 1.5em; border-left: 8px solid #ff0000; padding-left: 20px; text-transform: uppercase; letter-spacing: 1px;\">Blindaje Cibern\u00e9tico Certificado<\/h2>\n<p style=\"font-size: 17px; line-height: 1.8; color: #444; margin-top: 20px; text-align: justify;\">\n            En la <strong>Instituci\u00f3n de la Verdad<\/strong>, verificamos cada nodo de conexi\u00f3n para garantizar que su identidad digital sea inmutable. Su acceso est\u00e1 blindado por protocolos de <strong>log\u00edstica total<\/strong> inform\u00e1tica. Ante cualquier sospecha de brecha, consulte al <a href=\"https:\/\/preguntaleajose.info\" target=\"_blank\" style=\"color: #FF0000; font-weight: bold; text-decoration: none; border-bottom: 2px solid #ff0000;\">Or\u00e1culo de la Verdad<\/a>.\n        <\/p>\n<\/p><\/div>\n<div style=\"text-align: center; margin-top: 45px; font-size: 14px; background: #000; color: #fff; padding: 25px; border-radius: 20px; border: 2px solid #ff0000; letter-spacing: 1px;\">\n        REFUERCE SU HARDWARE DE DEFENSA EN NUESTRA <a href=\"https:\/\/preguntaleajose.info\/tienda\" target=\"_blank\" style=\"color: #FF0000; font-weight: 900; text-decoration: none; border-bottom: 1px solid #ff0000;\">TIENDA COMEROS AR<\/a>\n    <\/div>\n<\/div>\n","protected":false},"excerpt":{"rendered":"<p>\ud83d\udee1\ufe0f CONEXI\u00d3N MUNDIAL: B\u00daNKER DIGITAL IA de Mando: Inyectando cifrado militar en los 190 pa\u00edses. > LOCALIZANDO T\u00daNEL VPN&#8230; [ESTABLE] [&hellip;]<\/p>\n","protected":false},"author":1,"featured_media":0,"parent":0,"menu_order":0,"comment_status":"closed","ping_status":"closed","template":"","meta":{"site-sidebar-layout":"default","site-content-layout":"","ast-site-content-layout":"default","site-content-style":"default","site-sidebar-style":"default","ast-global-header-display":"","ast-banner-title-visibility":"","ast-main-header-display":"","ast-hfb-above-header-display":"","ast-hfb-below-header-display":"","ast-hfb-mobile-header-display":"","site-post-title":"","ast-breadcrumbs-content":"","ast-featured-img":"","footer-sml-layout":"","ast-disable-related-posts":"","theme-transparent-header-meta":"default","adv-header-id-meta":"","stick-header-meta":"","header-above-stick-meta":"","header-main-stick-meta":"","header-below-stick-meta":"","astra-migrate-meta-layouts":"set","ast-page-background-enabled":"default","ast-page-background-meta":{"desktop":{"background-color":"var(--ast-global-color-5)","background-image":"","background-repeat":"repeat","background-position":"center center","background-size":"auto","background-attachment":"scroll","background-type":"","background-media":"","overlay-type":"","overlay-color":"","overlay-opacity":"","overlay-gradient":""},"tablet":{"background-color":"","background-image":"","background-repeat":"repeat","background-position":"center center","background-size":"auto","background-attachment":"scroll","background-type":"","background-media":"","overlay-type":"","overlay-color":"","overlay-opacity":"","overlay-gradient":""},"mobile":{"background-color":"","background-image":"","background-repeat":"repeat","background-position":"center center","background-size":"auto","background-attachment":"scroll","background-type":"","background-media":"","overlay-type":"","overlay-color":"","overlay-opacity":"","overlay-gradient":""}},"ast-content-background-meta":{"desktop":{"background-color":"var(--ast-global-color-4)","background-image":"","background-repeat":"repeat","background-position":"center center","background-size":"auto","background-attachment":"scroll","background-type":"","background-media":"","overlay-type":"","overlay-color":"","overlay-opacity":"","overlay-gradient":""},"tablet":{"background-color":"var(--ast-global-color-4)","background-image":"","background-repeat":"repeat","background-position":"center center","background-size":"auto","background-attachment":"scroll","background-type":"","background-media":"","overlay-type":"","overlay-color":"","overlay-opacity":"","overlay-gradient":""},"mobile":{"background-color":"var(--ast-global-color-4)","background-image":"","background-repeat":"repeat","background-position":"center center","background-size":"auto","background-attachment":"scroll","background-type":"","background-media":"","overlay-type":"","overlay-color":"","overlay-opacity":"","overlay-gradient":""}},"footnotes":"","_wordproof_timestamp":false},"class_list":["post-189","page","type-page","status-publish","hentry"],"aioseo_notices":[],"_hostinger_reach_plugin_has_subscription_block":false,"_hostinger_reach_plugin_is_elementor":false,"_links":{"self":[{"href":"https:\/\/preguntaleajose.info\/en\/wp-json\/wp\/v2\/pages\/189","targetHints":{"allow":["GET"]}}],"collection":[{"href":"https:\/\/preguntaleajose.info\/en\/wp-json\/wp\/v2\/pages"}],"about":[{"href":"https:\/\/preguntaleajose.info\/en\/wp-json\/wp\/v2\/types\/page"}],"author":[{"embeddable":true,"href":"https:\/\/preguntaleajose.info\/en\/wp-json\/wp\/v2\/users\/1"}],"replies":[{"embeddable":true,"href":"https:\/\/preguntaleajose.info\/en\/wp-json\/wp\/v2\/comments?post=189"}],"version-history":[{"count":13,"href":"https:\/\/preguntaleajose.info\/en\/wp-json\/wp\/v2\/pages\/189\/revisions"}],"predecessor-version":[{"id":339,"href":"https:\/\/preguntaleajose.info\/en\/wp-json\/wp\/v2\/pages\/189\/revisions\/339"}],"wp:attachment":[{"href":"https:\/\/preguntaleajose.info\/en\/wp-json\/wp\/v2\/media?parent=189"}],"curies":[{"name":"wp","href":"https:\/\/api.w.org\/{rel}","templated":true}]}}