{"id":183,"date":"2026-01-14T14:41:53","date_gmt":"2026-01-14T14:41:53","guid":{"rendered":"https:\/\/preguntaleajose.info\/?page_id=183"},"modified":"2026-01-26T15:27:55","modified_gmt":"2026-01-26T15:27:55","slug":"traslados-y-aeropuertos","status":"publish","type":"page","link":"https:\/\/preguntaleajose.info\/en\/traslados-y-aeropuertos\/","title":{"rendered":"TRASLADOS Y TRANSFERS"},"content":{"rendered":"<div id=\"terminal-traslados-jose\" style=\"width: 100%; max-width: 1100px; margin: 30px auto; font-family: 'Segoe UI', Tahoma, sans-serif; border: 4px solid #673ab7; border-radius: 30px; padding: clamp(20px, 5vw, 45px); background-color: #f7f3fd; box-shadow: 0 25px 60px rgba(103, 58, 183, 0.2); overflow: hidden;\">\n<div style=\"text-align: center; margin-bottom: 40px;\">\n<h1 style=\"color: #4527a0; margin: 0; font-size: clamp(24px, 5vw, 38px); font-weight: 900; letter-spacing: 1px; text-transform: uppercase;\">\ud83d\ude90 TERMINAL DE TRASLADOS Y TRANSFERS<\/h1>\n<p style=\"font-size: 18px; color: #444; margin-top: 15px;\"><strong>IA de Mando:<\/strong> Coordinando transporte puerta a puerta en 190 pa\u00edses.<\/p>\n<\/p><\/div>\n<div style=\"background: white; padding: 35px; border-radius: 20px; box-shadow: 0 10px 25px rgba(0,0,0,0.05); border-left: 12px solid #673ab7; margin-bottom: 45px;\">\n<p style=\"font-size: 17px; line-height: 1.8; color: #333; margin: 0; text-align: justify;\">\n            En la <strong>Instituci\u00f3n de la Verdad<\/strong>, el traslado terrestre es una extensi\u00f3n cr\u00edtica de nuestra <strong>log\u00edstica total<\/strong>. Nuestra <strong>sinceridad t\u00e9cnica<\/strong> nos permite conectar con redes de choferes profesionales para asegurar la <strong>Verdad No Negociable<\/strong>: espera garantizada, tarifas fijas y <strong>seguridad industrial<\/strong>.\n        <\/p>\n<\/p><\/div>\n<div style=\"background: #ffffff; padding: 30px; border-radius: 25px; border: 2px dashed #673ab7; margin-bottom: 40px; text-align: center;\">\n<h3 style=\"color: #4527a0; margin-top: 0; margin-bottom: 25px; text-transform: uppercase; font-size: 16px;\">\ud83d\udef0\ufe0f RADAR DE RESERVA INMEDIATA<\/h3>\n<p>        <script async src=\"https:\/\/tpwdgt.com\/content?currency=USD&#038;trs=487513&#038;shmarker=695511&#038;locale=es&#038;from=&#038;to=&#038;country=&#038;powered_by=false&#038;transfers_limit=10&#038;button_color=%23239a54&#038;button_font_color=%23ffffff&#038;input_bg_color=%23ffffff&#038;campaign_id=1&#038;promo_id=2949\" charset=\"utf-8\"><\/script>\n    <\/div>\n<div style=\"display: grid; grid-template-columns: repeat(auto-fit, minmax(300px, 1fr)); gap: 25px; margin-bottom: 40px;\">\n<div style=\"background: #ffffff; padding: 20px; border-radius: 20px; border: 1px solid #d1c4e9; box-shadow: 0 5px 15px rgba(0,0,0,0.03);\">\n            <script async src=\"https:\/\/tpwdgt.com\/content?currency=USD&#038;trs=487513&#038;shmarker=695511&#038;locale=es&#038;powered_by=false&#038;campaign_id=22&#038;promo_id=8597\" charset=\"utf-8\"><\/script>\n        <\/div>\n<div style=\"background: #ffffff; padding: 20px; border-radius: 20px; border: 1px solid #d1c4e9; box-shadow: 0 5px 15px rgba(0,0,0,0.03);\">\n            <script async src=\"https:\/\/tpwdgt.com\/content?currency=USD&#038;trs=487513&#038;shmarker=695511&#038;locale=es&#038;powered_by=false&#038;campaign_id=22&#038;promo_id=8598\" charset=\"utf-8\"><\/script>\n        <\/div>\n<\/p><\/div>\n<div style=\"margin-top: 40px; text-align: center; border-top: 2px solid #eee; padding-top: 35px;\">\n<p style=\"font-size: 16px; color: #4527a0; margin: 0; font-weight: 500;\">\n            Tarifas cerradas sin sorpresas t\u00e1cticas. Consult\u00e1 el<br \/>\n            <a href=\"https:\/\/preguntaleajose.info\/en\/\" target=\"_blank\" style=\"color: #673ab7; font-weight: bold; text-decoration: none; border-bottom: 2px solid #673ab7;\">Or\u00e1culo de la Verdad<\/a>.\n        <\/p>\n<div style=\"background: #ede7f6; display: inline-block; padding: 12px 30px; border-radius: 15px; margin-top: 25px; border: 1px solid #d1c4e9;\">\n<p style=\"font-size: 11px; color: #5e35b1; margin: 0; font-weight: bold; text-transform: uppercase; letter-spacing: 1px;\">\n                Misi\u00f3n de transporte bajo supervisi\u00f3n directa | AID 695511\n            <\/p>\n<\/p><\/div>\n<\/p><\/div>\n<\/div>","protected":false},"excerpt":{"rendered":"<p>\ud83d\ude90 TERMINAL DE TRASLADOS Y TRANSFERS IA de Mando: Coordinando transporte puerta a puerta en 190 pa\u00edses. En la Instituci\u00f3n [&hellip;]<\/p>\n","protected":false},"author":1,"featured_media":0,"parent":0,"menu_order":0,"comment_status":"closed","ping_status":"closed","template":"","meta":{"site-sidebar-layout":"default","site-content-layout":"","ast-site-content-layout":"default","site-content-style":"default","site-sidebar-style":"default","ast-global-header-display":"","ast-banner-title-visibility":"","ast-main-header-display":"","ast-hfb-above-header-display":"","ast-hfb-below-header-display":"","ast-hfb-mobile-header-display":"","site-post-title":"","ast-breadcrumbs-content":"","ast-featured-img":"","footer-sml-layout":"","ast-disable-related-posts":"","theme-transparent-header-meta":"default","adv-header-id-meta":"","stick-header-meta":"","header-above-stick-meta":"","header-main-stick-meta":"","header-below-stick-meta":"","astra-migrate-meta-layouts":"set","ast-page-background-enabled":"default","ast-page-background-meta":{"desktop":{"background-color":"var(--ast-global-color-5)","background-image":"","background-repeat":"repeat","background-position":"center center","background-size":"auto","background-attachment":"scroll","background-type":"","background-media":"","overlay-type":"","overlay-color":"","overlay-opacity":"","overlay-gradient":""},"tablet":{"background-color":"","background-image":"","background-repeat":"repeat","background-position":"center center","background-size":"auto","background-attachment":"scroll","background-type":"","background-media":"","overlay-type":"","overlay-color":"","overlay-opacity":"","overlay-gradient":""},"mobile":{"background-color":"","background-image":"","background-repeat":"repeat","background-position":"center center","background-size":"auto","background-attachment":"scroll","background-type":"","background-media":"","overlay-type":"","overlay-color":"","overlay-opacity":"","overlay-gradient":""}},"ast-content-background-meta":{"desktop":{"background-color":"var(--ast-global-color-4)","background-image":"","background-repeat":"repeat","background-position":"center center","background-size":"auto","background-attachment":"scroll","background-type":"","background-media":"","overlay-type":"","overlay-color":"","overlay-opacity":"","overlay-gradient":""},"tablet":{"background-color":"var(--ast-global-color-4)","background-image":"","background-repeat":"repeat","background-position":"center center","background-size":"auto","background-attachment":"scroll","background-type":"","background-media":"","overlay-type":"","overlay-color":"","overlay-opacity":"","overlay-gradient":""},"mobile":{"background-color":"var(--ast-global-color-4)","background-image":"","background-repeat":"repeat","background-position":"center center","background-size":"auto","background-attachment":"scroll","background-type":"","background-media":"","overlay-type":"","overlay-color":"","overlay-opacity":"","overlay-gradient":""}},"footnotes":"","_wordproof_timestamp":false},"class_list":["post-183","page","type-page","status-publish","hentry"],"aioseo_notices":[],"_hostinger_reach_plugin_has_subscription_block":false,"_hostinger_reach_plugin_is_elementor":false,"_links":{"self":[{"href":"https:\/\/preguntaleajose.info\/en\/wp-json\/wp\/v2\/pages\/183","targetHints":{"allow":["GET"]}}],"collection":[{"href":"https:\/\/preguntaleajose.info\/en\/wp-json\/wp\/v2\/pages"}],"about":[{"href":"https:\/\/preguntaleajose.info\/en\/wp-json\/wp\/v2\/types\/page"}],"author":[{"embeddable":true,"href":"https:\/\/preguntaleajose.info\/en\/wp-json\/wp\/v2\/users\/1"}],"replies":[{"embeddable":true,"href":"https:\/\/preguntaleajose.info\/en\/wp-json\/wp\/v2\/comments?post=183"}],"version-history":[{"count":11,"href":"https:\/\/preguntaleajose.info\/en\/wp-json\/wp\/v2\/pages\/183\/revisions"}],"predecessor-version":[{"id":819,"href":"https:\/\/preguntaleajose.info\/en\/wp-json\/wp\/v2\/pages\/183\/revisions\/819"}],"wp:attachment":[{"href":"https:\/\/preguntaleajose.info\/en\/wp-json\/wp\/v2\/media?parent=183"}],"curies":[{"name":"wp","href":"https:\/\/api.w.org\/{rel}","templated":true}]}}