{"id":177,"date":"2026-01-14T14:35:14","date_gmt":"2026-01-14T14:35:14","guid":{"rendered":"https:\/\/preguntaleajose.info\/?page_id=177"},"modified":"2026-01-27T00:14:57","modified_gmt":"2026-01-27T03:14:57","slug":"alquiler-de-vehiculos","status":"publish","type":"page","link":"https:\/\/preguntaleajose.info\/en\/alquiler-de-vehiculos\/","title":{"rendered":"Alquiler de Veh\u00edculos"},"content":{"rendered":"<div id=\"terminal-logistica-autos\" style=\"width: 100vw; position: relative; left: 50%; right: 50%; margin-left: -50vw; margin-right: -50vw; font-family: 'Segoe UI', sans-serif; background: #ffffff; overflow-x: hidden;\">\n<div style=\"background: #1b5e20; color: white; padding: 45px 20px; text-align: center; border-bottom: 6px solid #ffca28;\">\n<h1 style=\"margin: 0; font-size: clamp(22px, 5vw, 36px); font-weight: 800; letter-spacing: 2px; text-transform: uppercase;\">\ud83d\ude97 LOG\u00cdSTICA TERRESTRE GLOBAL<\/h1>\n<p style=\"margin-top: 10px; font-size: 18px; opacity: 0.9;\">Gesti\u00f3n de Flotas | Presencia en 190 Pa\u00edses | Ingenier\u00eda de Movilidad<\/p>\n<\/p><\/div>\n<div style=\"max-width: 1200px; margin: 0 auto; padding: 40px 20px;\">\n<div style=\"background: #f1f8e9; padding: 30px; border-radius: 20px; border-left: 10px solid #1b5e20; box-shadow: 0 10px 25px rgba(0,0,0,0.05); margin-bottom: 40px; text-align: center;\">\n<p style=\"font-size: 18px; line-height: 1.6; color: #333; margin: 0; font-style: italic;\">\n                &#8220;La movilidad terrestre es una necesidad estrat\u00e9gica. Nuestra Instituci\u00f3n audita la disponibilidad global para garantizar transparencia y seguridad en cada unidad.&#8221;\n            <\/p>\n<\/p><\/div>\n<div style=\"display: grid; grid-template-columns: repeat(auto-fit, minmax(450px, 1fr)); gap: 30px; align-items: start;\">\n<div style=\"display: flex; flex-direction: column; gap: 30px;\">\n<div style=\"background: #ffffff; padding: 30px; border-radius: 20px; border: 2px dashed #1b5e20; text-align: center; box-shadow: 0 10px 30px rgba(0,0,0,0.05);\">\n<h3 style=\"color: #1b5e20; margin-top: 0;\">\ud83d\udef0\ufe0f NODO LOCAL CERTIFICADO<\/h3>\n<p>                    <a href=\"https:\/\/localrent.tpk.lu\/R8o4CKv3\" target=\"_blank\" style=\"text-decoration: none; background: #1b5e20; color: white; padding: 18px; border-radius: 12px; font-weight: bold; display: block; margin-bottom: 20px; box-shadow: 0 5px 15px rgba(27,94,32,0.3);\">ACCEDER A LOCALRENT<\/a><\/p>\n<h4 style=\"color: #1b5e20; font-size: 14px; text-transform: uppercase; margin-bottom: 15px;\">\ud83c\udfe2 OPERADORES MUNDIALES<\/h4>\n<p>                    <script async src=\"\/\/tpwdgt.com\/content?trs=487513&#038;shmarker=695511&#038;locale=es&#038;country=153&#038;city=68511&#038;powered_by=false&#038;campaign_id=87&#038;promo_id=2466\" charset=\"utf-8\"><\/script><\/p>\n<div style=\"margin-top:15px;\">\n                        <script async src=\"https:\/\/tpwdgt.com\/content?trs=487513&#038;shmarker=695511&#038;powered_by=false&#038;country=153&#038;lang=es&#038;width=100&#038;background=light&#038;logo=true&#038;header=false&#038;gearbox=false&#038;cars=false&#038;border=false&#038;footer=false&#038;campaign_id=87&#038;promo_id=4322\" charset=\"utf-8\"><\/script>\n                    <\/div>\n<\/p><\/div>\n<div style=\"background: #0b2033; padding: 25px; border-radius: 20px; color: white;\">\n<h4 style=\"color: #e8b917; margin-top: 0;\">\ud83d\udee1\ufe0f RESPALDO DE FLOTA<\/h4>\n<p>                    <script async src=\"https:\/\/tpwdgt.com\/content?trs=487513&#038;shmarker=695511&#038;locale=es&#038;powered_by=false&#038;border_radius=10&#038;plain=true&#038;show_logo=true&#038;color_background=%230b2033&#038;color_button=%23e8b917&#038;promo_id=4362&#038;campaign_id=143\" charset=\"utf-8\"><\/script>\n                <\/div>\n<\/p><\/div>\n<div style=\"display: flex; flex-direction: column; gap: 30px;\">\n<div style=\"background: #ffffff; padding: 30px; border-radius: 20px; border: 1px solid #e0e6ed; box-shadow: 0 10px 30px rgba(0,0,0,0.05);\">\n<h3 style=\"color: #1b5e20; text-align: center; margin-top: 0;\">\ud83d\udd0d ESCANEO GLOBAL<\/h3>\n<p>                    <script async src=\"https:\/\/tp.media\/content?currency=usd&#038;marker=695511&#038;trs=alquiler_autos_terminal&#038;shmarker=695511&#038;type=search_widget&#038;sdk=true&#038;locale=es&#038;powered_by=false\" charset=\"utf-8\"><\/script>\n                <\/div>\n<div style=\"background: #ffca28; padding: 25px; border-radius: 20px;\">\n<h4 style=\"color: #1b5e20; margin-top: 0;\">\ud83d\udcb0 TARIFAS AUDITADAS LOW-COST<\/h4>\n<p>                    <script async src=\"https:\/\/tpwdgt.com\/content?trs=487513&#038;shmarker=695511&#038;locale=es&#038;powered_by=false&#038;border_radius=10&#038;plain=true&#038;show_logo=true&#038;color_background=%23ffca28&#038;color_button=%231b5e20&#038;promo_id=4480&#038;campaign_id=10\" charset=\"utf-8\"><\/script><\/p>\n<div style=\"margin-top:15px; background: white; border-radius: 10px; padding: 10px;\">\n                        <script async src=\"https:\/\/tpwdgt.com\/content?trs=487513&#038;shmarker=695511&#038;locale=es&#038;width=100&#038;height=100&#038;powered_by=false&#038;campaign_id=10&#038;promo_id=2082\" charset=\"utf-8\"><\/script>\n                    <\/div>\n<\/p><\/div>\n<\/p><\/div>\n<\/p><\/div>\n<div style=\"margin-top: 50px; text-align: center; border-top: 2px solid #f1f8e9; padding-top: 30px; font-size: 14px; color: #7f8c8d;\">\n<p><strong>PREGUNTALE A JOS\u00c9 | TERMINAL LOG\u00cdSTICA TERRESTRE<\/strong><\/p>\n<div style=\"margin-top: 10px;\">\n                <a style=\"color: #1b5e20; text-decoration: none; font-weight: bold; margin: 0 10px;\" href=\"https:\/\/preguntaleajose.info\/en\/vuelos\/\">VUELOS<\/a> |<br \/>\n                <a style=\"color: #1b5e20; text-decoration: none; font-weight: bold; margin: 0 10px;\" href=\"https:\/\/preguntaleajose.info\/en\/accesibilidad\/\">ACCESIBILIDAD<\/a>\n            <\/div>\n<\/p><\/div>\n<\/p><\/div>\n<\/div>","protected":false},"excerpt":{"rendered":"<p>\ud83d\ude97 LOG\u00cdSTICA TERRESTRE GLOBAL Gesti\u00f3n de Flotas | Presencia en 190 Pa\u00edses | Ingenier\u00eda de Movilidad &#8220;La movilidad terrestre es [&hellip;]<\/p>\n","protected":false},"author":1,"featured_media":0,"parent":0,"menu_order":0,"comment_status":"closed","ping_status":"closed","template":"","meta":{"site-sidebar-layout":"default","site-content-layout":"","ast-site-content-layout":"default","site-content-style":"default","site-sidebar-style":"default","ast-global-header-display":"","ast-banner-title-visibility":"","ast-main-header-display":"","ast-hfb-above-header-display":"","ast-hfb-below-header-display":"","ast-hfb-mobile-header-display":"","site-post-title":"","ast-breadcrumbs-content":"","ast-featured-img":"","footer-sml-layout":"","ast-disable-related-posts":"","theme-transparent-header-meta":"default","adv-header-id-meta":"","stick-header-meta":"","header-above-stick-meta":"","header-main-stick-meta":"","header-below-stick-meta":"","astra-migrate-meta-layouts":"set","ast-page-background-enabled":"default","ast-page-background-meta":{"desktop":{"background-color":"var(--ast-global-color-5)","background-image":"","background-repeat":"repeat","background-position":"center center","background-size":"auto","background-attachment":"scroll","background-type":"","background-media":"","overlay-type":"","overlay-color":"","overlay-opacity":"","overlay-gradient":""},"tablet":{"background-color":"","background-image":"","background-repeat":"repeat","background-position":"center center","background-size":"auto","background-attachment":"scroll","background-type":"","background-media":"","overlay-type":"","overlay-color":"","overlay-opacity":"","overlay-gradient":""},"mobile":{"background-color":"","background-image":"","background-repeat":"repeat","background-position":"center center","background-size":"auto","background-attachment":"scroll","background-type":"","background-media":"","overlay-type":"","overlay-color":"","overlay-opacity":"","overlay-gradient":""}},"ast-content-background-meta":{"desktop":{"background-color":"var(--ast-global-color-4)","background-image":"","background-repeat":"repeat","background-position":"center center","background-size":"auto","background-attachment":"scroll","background-type":"","background-media":"","overlay-type":"","overlay-color":"","overlay-opacity":"","overlay-gradient":""},"tablet":{"background-color":"var(--ast-global-color-4)","background-image":"","background-repeat":"repeat","background-position":"center center","background-size":"auto","background-attachment":"scroll","background-type":"","background-media":"","overlay-type":"","overlay-color":"","overlay-opacity":"","overlay-gradient":""},"mobile":{"background-color":"var(--ast-global-color-4)","background-image":"","background-repeat":"repeat","background-position":"center center","background-size":"auto","background-attachment":"scroll","background-type":"","background-media":"","overlay-type":"","overlay-color":"","overlay-opacity":"","overlay-gradient":""}},"footnotes":"","_wordproof_timestamp":false},"class_list":["post-177","page","type-page","status-publish","hentry"],"aioseo_notices":[],"_hostinger_reach_plugin_has_subscription_block":false,"_hostinger_reach_plugin_is_elementor":false,"_links":{"self":[{"href":"https:\/\/preguntaleajose.info\/en\/wp-json\/wp\/v2\/pages\/177","targetHints":{"allow":["GET"]}}],"collection":[{"href":"https:\/\/preguntaleajose.info\/en\/wp-json\/wp\/v2\/pages"}],"about":[{"href":"https:\/\/preguntaleajose.info\/en\/wp-json\/wp\/v2\/types\/page"}],"author":[{"embeddable":true,"href":"https:\/\/preguntaleajose.info\/en\/wp-json\/wp\/v2\/users\/1"}],"replies":[{"embeddable":true,"href":"https:\/\/preguntaleajose.info\/en\/wp-json\/wp\/v2\/comments?post=177"}],"version-history":[{"count":44,"href":"https:\/\/preguntaleajose.info\/en\/wp-json\/wp\/v2\/pages\/177\/revisions"}],"predecessor-version":[{"id":762,"href":"https:\/\/preguntaleajose.info\/en\/wp-json\/wp\/v2\/pages\/177\/revisions\/762"}],"wp:attachment":[{"href":"https:\/\/preguntaleajose.info\/en\/wp-json\/wp\/v2\/media?parent=177"}],"curies":[{"name":"wp","href":"https:\/\/api.w.org\/{rel}","templated":true}]}}